{"id":73849,"date":"2026-02-19T11:42:24","date_gmt":"2026-02-19T15:42:24","guid":{"rendered":"https:\/\/ruselercarrentals.com\/politica-de-privacidad\/"},"modified":"2026-02-19T11:51:02","modified_gmt":"2026-02-19T15:51:02","slug":"politica-de-privacidad","status":"publish","type":"page","link":"https:\/\/ruselercarrentals.com\/es\/politica-de-privacidad\/","title":{"rendered":"Pol\u00edtica de Privacidad"},"content":{"rendered":"\t\t<div data-elementor-type=\"wp-page\" data-elementor-id=\"73849\" class=\"elementor elementor-73849 elementor-73843\" data-elementor-post-type=\"page\">\n\t\t\t\t<div class=\"elementor-element elementor-element-58deb5b e-flex e-con-boxed e-con e-parent\" data-id=\"58deb5b\" data-element_type=\"container\" data-settings=\"{&quot;jet_parallax_layout_list&quot;:[]}\">\n\t\t\t\t\t<div class=\"e-con-inner\">\n\t\t\t\t<div class=\"elementor-element elementor-element-80bbc0a elementor-widget elementor-widget-text-editor\" data-id=\"80bbc0a\" data-element_type=\"widget\" data-widget_type=\"text-editor.default\">\n\t\t\t\t<div class=\"elementor-widget-container\">\n\t\t\t\t\t\t\t\t\t<h3><strong>Pol\u00edtica de Privacidad<\/strong><\/h3><p>Valoramos su privacidad y tratamos los datos personales de conformidad con la legislaci\u00f3n aplicable en materia de protecci\u00f3n de datos, incluido el Reglamento General de Protecci\u00f3n de Datos (RGPD).<\/p><p>Recopilamos y procesamos informaci\u00f3n personal como su nombre, datos de contacto, informaci\u00f3n del permiso de conducir y datos de pago \u00fanicamente con el fin de prestar nuestros servicios, cumplir con obligaciones contractuales y cumplir con los requisitos legales.<\/p><p>Sus datos se almacenan de forma segura y se conservan \u00fanicamente durante el tiempo necesario. No compartimos su informaci\u00f3n personal con terceros, salvo cuando sea necesario para la prestaci\u00f3n del servicio o cuando lo exija la ley. <\/p><p>Usted tiene derecho a acceder, corregir o solicitar la eliminaci\u00f3n de sus datos personales en cualquier momento. Para consultas relacionadas con la privacidad, puede ponerse en contacto con nosotros a trav\u00e9s de <a href=\"mailto:info@ruselercarrentals.com\">info@ruselercarrentals.com<\/a>. <\/p><h3><strong>Informaci\u00f3n de Registro de la Empresa<\/strong><\/h3><p>Nombre legal de la empresa: Jan Thiel Car Rentals B.V.<\/p><p>Nombre comercial: Ruseler Car Rentals<\/p><p>C\u00e1mara de Comercio (KvK Cura\u00e7ao): 134270<\/p><p>N\u00famero CRIB: 102.396.826<\/p><p>Ubicaci\u00f3n: Kaya Adriatiko 1-5, Jan Thiel, Cura\u00e7ao<\/p><p>Sitio web: www.ruselercarrentals.com<\/p><p>Jan Thiel Car Rentals B.V. es una empresa legalmente registrada en Cura\u00e7ao y opera de conformidad con la normativa local.<\/p>\t\t\t\t\t\t\t\t<\/div>\n\t\t\t\t<\/div>\n\t\t\t\t\t<\/div>\n\t\t\t\t<\/div>\n\t\t\t\t<\/div>\n\t\t","protected":false},"excerpt":{"rendered":"<p>Pol\u00edtica de Privacidad Valoramos su privacidad y tratamos los datos personales de conformidad con la legislaci\u00f3n aplicable en materia de protecci\u00f3n de datos, incluido el Reglamento General de Protecci\u00f3n de Datos (RGPD). Recopilamos y procesamos informaci\u00f3n personal como su nombre, datos de contacto, informaci\u00f3n del permiso de conducir y datos de pago \u00fanicamente con el [&hellip;]<\/p>\n","protected":false},"author":4,"featured_media":0,"parent":0,"menu_order":0,"comment_status":"closed","ping_status":"closed","template":"","meta":{"footnotes":""},"class_list":["post-73849","page","type-page","status-publish","hentry"],"yoast_head":"<!-- This site is optimized with the Yoast SEO plugin v25.4 - https:\/\/yoast.com\/wordpress\/plugins\/seo\/ -->\n<title>Pol\u00edtica de Privacidad - Ruseler Car Rentals<\/title>\n<meta name=\"robots\" content=\"index, follow, max-snippet:-1, max-image-preview:large, max-video-preview:-1\" \/>\n<link rel=\"canonical\" href=\"https:\/\/ruselercarrentals.com\/es\/politica-de-privacidad\/\" \/>\n<meta property=\"og:locale\" content=\"es_ES\" \/>\n<meta property=\"og:type\" content=\"article\" \/>\n<meta property=\"og:title\" content=\"Pol\u00edtica de Privacidad - Ruseler Car Rentals\" \/>\n<meta property=\"og:description\" content=\"Pol\u00edtica de Privacidad Valoramos su privacidad y tratamos los datos personales de conformidad con la legislaci\u00f3n aplicable en materia de protecci\u00f3n de datos, incluido el Reglamento General de Protecci\u00f3n de Datos (RGPD). Recopilamos y procesamos informaci\u00f3n personal como su nombre, datos de contacto, informaci\u00f3n del permiso de conducir y datos de pago \u00fanicamente con el [&hellip;]\" \/>\n<meta property=\"og:url\" content=\"https:\/\/ruselercarrentals.com\/es\/politica-de-privacidad\/\" \/>\n<meta property=\"og:site_name\" content=\"Ruseler Car Rentals\" \/>\n<meta property=\"article:modified_time\" content=\"2026-02-19T15:51:02+00:00\" \/>\n<meta name=\"twitter:card\" content=\"summary_large_image\" \/>\n<meta name=\"twitter:label1\" content=\"Tiempo de lectura\" \/>\n\t<meta name=\"twitter:data1\" content=\"1 minuto\" \/>\n<script type=\"application\/ld+json\" class=\"yoast-schema-graph\">{\"@context\":\"https:\/\/schema.org\",\"@graph\":[{\"@type\":\"WebPage\",\"@id\":\"https:\/\/ruselercarrentals.com\/es\/politica-de-privacidad\/\",\"url\":\"https:\/\/ruselercarrentals.com\/es\/politica-de-privacidad\/\",\"name\":\"Pol\u00edtica de Privacidad - Ruseler Car Rentals\",\"isPartOf\":{\"@id\":\"https:\/\/ruselercarrentals.com\/es\/#website\"},\"datePublished\":\"2026-02-19T15:42:24+00:00\",\"dateModified\":\"2026-02-19T15:51:02+00:00\",\"breadcrumb\":{\"@id\":\"https:\/\/ruselercarrentals.com\/es\/politica-de-privacidad\/#breadcrumb\"},\"inLanguage\":\"es\",\"potentialAction\":[{\"@type\":\"ReadAction\",\"target\":[\"https:\/\/ruselercarrentals.com\/es\/politica-de-privacidad\/\"]}]},{\"@type\":\"BreadcrumbList\",\"@id\":\"https:\/\/ruselercarrentals.com\/es\/politica-de-privacidad\/#breadcrumb\",\"itemListElement\":[{\"@type\":\"ListItem\",\"position\":1,\"name\":\"Home\",\"item\":\"https:\/\/ruselercarrentals.com\/es\/\"},{\"@type\":\"ListItem\",\"position\":2,\"name\":\"Pol\u00edtica de Privacidad\"}]},{\"@type\":\"WebSite\",\"@id\":\"https:\/\/ruselercarrentals.com\/es\/#website\",\"url\":\"https:\/\/ruselercarrentals.com\/es\/\",\"name\":\"Ruseler Car Rentals\",\"description\":\"Car rental on Cura\u00e7ao - Fueling Curacao Adventures\",\"potentialAction\":[{\"@type\":\"SearchAction\",\"target\":{\"@type\":\"EntryPoint\",\"urlTemplate\":\"https:\/\/ruselercarrentals.com\/es\/?s={search_term_string}\"},\"query-input\":{\"@type\":\"PropertyValueSpecification\",\"valueRequired\":true,\"valueName\":\"search_term_string\"}}],\"inLanguage\":\"es\"}]}<\/script>\n<!-- \/ Yoast SEO plugin. -->","yoast_head_json":{"title":"Pol\u00edtica de Privacidad - Ruseler Car Rentals","robots":{"index":"index","follow":"follow","max-snippet":"max-snippet:-1","max-image-preview":"max-image-preview:large","max-video-preview":"max-video-preview:-1"},"canonical":"https:\/\/ruselercarrentals.com\/es\/politica-de-privacidad\/","og_locale":"es_ES","og_type":"article","og_title":"Pol\u00edtica de Privacidad - Ruseler Car Rentals","og_description":"Pol\u00edtica de Privacidad Valoramos su privacidad y tratamos los datos personales de conformidad con la legislaci\u00f3n aplicable en materia de protecci\u00f3n de datos, incluido el Reglamento General de Protecci\u00f3n de Datos (RGPD). Recopilamos y procesamos informaci\u00f3n personal como su nombre, datos de contacto, informaci\u00f3n del permiso de conducir y datos de pago \u00fanicamente con el [&hellip;]","og_url":"https:\/\/ruselercarrentals.com\/es\/politica-de-privacidad\/","og_site_name":"Ruseler Car Rentals","article_modified_time":"2026-02-19T15:51:02+00:00","twitter_card":"summary_large_image","twitter_misc":{"Tiempo de lectura":"1 minuto"},"schema":{"@context":"https:\/\/schema.org","@graph":[{"@type":"WebPage","@id":"https:\/\/ruselercarrentals.com\/es\/politica-de-privacidad\/","url":"https:\/\/ruselercarrentals.com\/es\/politica-de-privacidad\/","name":"Pol\u00edtica de Privacidad - Ruseler Car Rentals","isPartOf":{"@id":"https:\/\/ruselercarrentals.com\/es\/#website"},"datePublished":"2026-02-19T15:42:24+00:00","dateModified":"2026-02-19T15:51:02+00:00","breadcrumb":{"@id":"https:\/\/ruselercarrentals.com\/es\/politica-de-privacidad\/#breadcrumb"},"inLanguage":"es","potentialAction":[{"@type":"ReadAction","target":["https:\/\/ruselercarrentals.com\/es\/politica-de-privacidad\/"]}]},{"@type":"BreadcrumbList","@id":"https:\/\/ruselercarrentals.com\/es\/politica-de-privacidad\/#breadcrumb","itemListElement":[{"@type":"ListItem","position":1,"name":"Home","item":"https:\/\/ruselercarrentals.com\/es\/"},{"@type":"ListItem","position":2,"name":"Pol\u00edtica de Privacidad"}]},{"@type":"WebSite","@id":"https:\/\/ruselercarrentals.com\/es\/#website","url":"https:\/\/ruselercarrentals.com\/es\/","name":"Ruseler Car Rentals","description":"Car rental on Cura\u00e7ao - Fueling Curacao Adventures","potentialAction":[{"@type":"SearchAction","target":{"@type":"EntryPoint","urlTemplate":"https:\/\/ruselercarrentals.com\/es\/?s={search_term_string}"},"query-input":{"@type":"PropertyValueSpecification","valueRequired":true,"valueName":"search_term_string"}}],"inLanguage":"es"}]}},"_links":{"self":[{"href":"https:\/\/ruselercarrentals.com\/es\/wp-json\/wp\/v2\/pages\/73849","targetHints":{"allow":["GET"]}}],"collection":[{"href":"https:\/\/ruselercarrentals.com\/es\/wp-json\/wp\/v2\/pages"}],"about":[{"href":"https:\/\/ruselercarrentals.com\/es\/wp-json\/wp\/v2\/types\/page"}],"author":[{"embeddable":true,"href":"https:\/\/ruselercarrentals.com\/es\/wp-json\/wp\/v2\/users\/4"}],"replies":[{"embeddable":true,"href":"https:\/\/ruselercarrentals.com\/es\/wp-json\/wp\/v2\/comments?post=73849"}],"version-history":[{"count":1,"href":"https:\/\/ruselercarrentals.com\/es\/wp-json\/wp\/v2\/pages\/73849\/revisions"}],"predecessor-version":[{"id":73850,"href":"https:\/\/ruselercarrentals.com\/es\/wp-json\/wp\/v2\/pages\/73849\/revisions\/73850"}],"wp:attachment":[{"href":"https:\/\/ruselercarrentals.com\/es\/wp-json\/wp\/v2\/media?parent=73849"}],"curies":[{"name":"wp","href":"https:\/\/api.w.org\/{rel}","templated":true}]}}